{"id":11,"date":"2019-07-16T17:36:54","date_gmt":"2019-07-16T15:36:54","guid":{"rendered":"http:\/\/concretesolutions.fr\/?page_id=11"},"modified":"2020-05-31T22:01:29","modified_gmt":"2020-05-31T20:01:29","slug":"nos-betons","status":"publish","type":"page","link":"https:\/\/concretesolutions.fr\/?page_id=11","title":{"rendered":"Nos b\u00e9tons"},"content":{"rendered":"\t\t<div data-elementor-type=\"wp-post\" data-elementor-id=\"11\" class=\"elementor elementor-11\" data-elementor-settings=\"[]\">\n\t\t\t<div class=\"elementor-inner\">\n\t\t\t\t<div class=\"elementor-section-wrap\">\n\t\t\t\t\t\t\t<section class=\"elementor-element elementor-element-3f8dab9 elementor-section-stretched elementor-section-full_width elementor-section-height-default elementor-section-height-default elementor-section elementor-top-section\" data-id=\"3f8dab9\" data-element_type=\"section\" data-settings=\"{&quot;stretch_section&quot;:&quot;section-stretched&quot;,&quot;background_background&quot;:&quot;classic&quot;}\">\n\t\t\t\t\t\t\t<div class=\"elementor-background-overlay\"><\/div>\n\t\t\t\t\t\t\t<div class=\"elementor-container elementor-column-gap-default\">\n\t\t\t\t<div class=\"elementor-row\">\n\t\t\t\t<div class=\"elementor-element elementor-element-29d1624 elementor-column elementor-col-100 elementor-top-column\" data-id=\"29d1624\" data-element_type=\"column\">\n\t\t\t<div class=\"elementor-column-wrap  elementor-element-populated\">\n\t\t\t\t\t<div class=\"elementor-widget-wrap\">\n\t\t\t\t<div class=\"elementor-element elementor-element-3cad405 animated-slow elementor-invisible elementor-widget elementor-widget-image\" data-id=\"3cad405\" data-element_type=\"widget\" data-settings=\"{&quot;_animation&quot;:&quot;zoomInDown&quot;,&quot;_animation_tablet&quot;:&quot;zoomInDown&quot;,&quot;_animation_mobile&quot;:&quot;zoomInDown&quot;}\" data-widget_type=\"image.default\">\n\t\t\t\t<div class=\"elementor-widget-container\">\n\t\t\t\t\t<div class=\"elementor-image\">\n\t\t\t\t\t\t\t\t\t\t<img loading=\"lazy\" decoding=\"async\" width=\"1024\" height=\"136\" src=\"https:\/\/concretesolutions.fr\/wp-content\/uploads\/2019\/07\/Concrete_gris_fonc\u00e9-1024x136.png\" class=\"attachment-large size-large\" alt=\"b\u00e9ton d\u00e9coratif\" srcset=\"https:\/\/concretesolutions.fr\/wp-content\/uploads\/2019\/07\/Concrete_gris_fonc\u00e9-1024x136.png 1024w, https:\/\/concretesolutions.fr\/wp-content\/uploads\/2019\/07\/Concrete_gris_fonc\u00e9-300x40.png 300w, https:\/\/concretesolutions.fr\/wp-content\/uploads\/2019\/07\/Concrete_gris_fonc\u00e9-768x102.png 768w, https:\/\/concretesolutions.fr\/wp-content\/uploads\/2019\/07\/Concrete_gris_fonc\u00e9.png 1366w\" sizes=\"(max-width: 1024px) 100vw, 1024px\" \/>\t\t\t\t\t\t\t\t\t\t\t<\/div>\n\t\t\t\t<\/div>\n\t\t\t\t<\/div>\n\t\t\t\t<div class=\"elementor-element elementor-element-31988c4 animated-slow elementor-invisible elementor-widget elementor-widget-image\" data-id=\"31988c4\" data-element_type=\"widget\" data-settings=\"{&quot;_animation&quot;:&quot;fadeInDown&quot;}\" data-widget_type=\"image.default\">\n\t\t\t\t<div class=\"elementor-widget-container\">\n\t\t\t\t\t<div class=\"elementor-image\">\n\t\t\t\t\t\t\t\t\t\t<img loading=\"lazy\" decoding=\"async\" width=\"429\" height=\"142\" src=\"https:\/\/concretesolutions.fr\/wp-content\/uploads\/2019\/07\/Solutions_bien_blanc3.png\" class=\"attachment-large size-large\" alt=\"b\u00e9ton d\u00e9coratif\" srcset=\"https:\/\/concretesolutions.fr\/wp-content\/uploads\/2019\/07\/Solutions_bien_blanc3.png 429w, https:\/\/concretesolutions.fr\/wp-content\/uploads\/2019\/07\/Solutions_bien_blanc3-300x99.png 300w\" sizes=\"(max-width: 429px) 100vw, 429px\" \/>\t\t\t\t\t\t\t\t\t\t\t<\/div>\n\t\t\t\t<\/div>\n\t\t\t\t<\/div>\n\t\t\t\t<div class=\"elementor-element elementor-element-fa8cdfe animated-slow elementor-invisible elementor-widget elementor-widget-image\" data-id=\"fa8cdfe\" data-element_type=\"widget\" data-settings=\"{&quot;_animation&quot;:&quot;fadeInDown&quot;,&quot;_animation_tablet&quot;:&quot;fadeInDown&quot;,&quot;_animation_mobile&quot;:&quot;fadeInDown&quot;}\" data-widget_type=\"image.default\">\n\t\t\t\t<div class=\"elementor-widget-container\">\n\t\t\t\t\t<div class=\"elementor-image\">\n\t\t\t\t\t\t\t\t\t\t<img decoding=\"async\" src=\"http:\/\/concretesolutions.fr\/wp-content\/uploads\/2019\/07\/Solutions-blanc.png\" title=\"\" alt=\"\" \/>\t\t\t\t\t\t\t\t\t\t\t<\/div>\n\t\t\t\t<\/div>\n\t\t\t\t<\/div>\n\t\t\t\t\t\t<\/div>\n\t\t\t<\/div>\n\t\t<\/div>\n\t\t\t\t\t\t<\/div>\n\t\t\t<\/div>\n\t\t<\/section>\n\t\t\t\t<section class=\"elementor-element elementor-element-acc9aa4 elementor-section-stretched elementor-section-full_width elementor-section-height-default elementor-section-height-default elementor-section elementor-top-section\" data-id=\"acc9aa4\" data-element_type=\"section\" data-settings=\"{&quot;stretch_section&quot;:&quot;section-stretched&quot;,&quot;background_background&quot;:&quot;classic&quot;}\">\n\t\t\t\t\t\t<div class=\"elementor-container elementor-column-gap-default\">\n\t\t\t\t<div class=\"elementor-row\">\n\t\t\t\t<div class=\"elementor-element elementor-element-7bc7194 elementor-column elementor-col-100 elementor-top-column\" data-id=\"7bc7194\" data-element_type=\"column\">\n\t\t\t<div class=\"elementor-column-wrap  elementor-element-populated\">\n\t\t\t\t\t<div class=\"elementor-widget-wrap\">\n\t\t\t\t<div class=\"elementor-element elementor-element-b2ad0ec elementor-widget elementor-widget-heading\" data-id=\"b2ad0ec\" data-element_type=\"widget\" data-widget_type=\"heading.default\">\n\t\t\t\t<div class=\"elementor-widget-container\">\n\t\t\t<h1 class=\"elementor-heading-title elementor-size-xl\">Nos b\u00e9tons<\/h1>\t\t<\/div>\n\t\t\t\t<\/div>\n\t\t\t\t\t\t<\/div>\n\t\t\t<\/div>\n\t\t<\/div>\n\t\t\t\t\t\t<\/div>\n\t\t\t<\/div>\n\t\t<\/section>\n\t\t\t\t<section class=\"elementor-element elementor-element-4e86617 elementor-section-boxed elementor-section-height-default elementor-section-height-default elementor-section elementor-top-section\" data-id=\"4e86617\" data-element_type=\"section\" data-settings=\"{&quot;background_background&quot;:&quot;classic&quot;}\">\n\t\t\t\t\t\t<div class=\"elementor-container elementor-column-gap-default\">\n\t\t\t\t<div class=\"elementor-row\">\n\t\t\t\t<div class=\"elementor-element elementor-element-b4ef41a elementor-column elementor-col-50 elementor-top-column\" data-id=\"b4ef41a\" data-element_type=\"column\">\n\t\t\t<div class=\"elementor-column-wrap  elementor-element-populated\">\n\t\t\t\t\t<div class=\"elementor-widget-wrap\">\n\t\t\t\t<div class=\"elementor-element elementor-element-19ff89c elementor-widget elementor-widget-wp-widget-ocean_custom_menu\" data-id=\"19ff89c\" data-element_type=\"widget\" data-widget_type=\"wp-widget-ocean_custom_menu.default\">\n\t\t\t\t<div class=\"elementor-widget-container\">\n\t\t\t<style type=\"text\/css\">.ocean_custom_menu-REPLACE_TO_ID > ul > li > a, .custom-menu-widget .ocean_custom_menu-REPLACE_TO_ID .dropdown-menu .sub-menu li a.menu-link{color:#FEFEFE;font-size:17px;}.custom-menu-widget .ocean_custom_menu-REPLACE_TO_ID.oceanwp-custom-menu > ul.click-menu .open-this{color:#FEFEFE;font-size:17px;}.ocean_custom_menu-REPLACE_TO_ID > ul > li > a:hover, .custom-menu-widget .ocean_custom_menu-REPLACE_TO_ID .dropdown-menu .sub-menu li a.menu-link:hover{color:#606060;}.custom-menu-widget .ocean_custom_menu-REPLACE_TO_ID.oceanwp-custom-menu > ul.click-menu .open-this:hover{color:#606060;}<\/style><div class=\"oceanwp-custom-menu clr ocean_custom_menu-REPLACE_TO_ID center dropdown-hover\"><ul id=\"menu-menu-principal\" class=\"dropdown-menu sf-menu\"><li  id=\"menu-item-19\" class=\"menu-item menu-item-type-post_type menu-item-object-page menu-item-home menu-item-19\"><a href=\"https:\/\/concretesolutions.fr\/\" class=\"menu-link\">Accueil<\/a><\/li>\n<li  id=\"menu-item-20\" class=\"menu-item menu-item-type-post_type menu-item-object-page menu-item-20\"><a href=\"https:\/\/concretesolutions.fr\/?page_id=9\" class=\"menu-link\">Qui sommes nous ?<\/a><\/li>\n<li  id=\"menu-item-21\" class=\"menu-item menu-item-type-post_type menu-item-object-page menu-item-has-children dropdown menu-item-21\"><a href=\"https:\/\/concretesolutions.fr\/?page_id=11\" class=\"menu-link\">Nos b\u00e9tons <span class=\"nav-arrow fa fa-angle-down\"><\/span><\/a>\n<ul class=\"sub-menu\">\n\t<li  id=\"menu-item-81\" class=\"menu-item menu-item-type-post_type menu-item-object-page menu-item-81\"><a href=\"https:\/\/concretesolutions.fr\/?page_id=70\" class=\"menu-link\">B\u00e9ton marqu\u00e9\/imprim\u00e9<\/a><\/li>\n\t<li  id=\"menu-item-82\" class=\"menu-item menu-item-type-post_type menu-item-object-page menu-item-82\"><a href=\"https:\/\/concretesolutions.fr\/?page_id=71\" class=\"menu-link\">B\u00e9ton balay\u00e9<\/a><\/li>\n\t<li  id=\"menu-item-83\" class=\"menu-item menu-item-type-post_type menu-item-object-page menu-item-83\"><a href=\"https:\/\/concretesolutions.fr\/?page_id=72\" class=\"menu-link\">B\u00e9ton liss\u00e9<\/a><\/li>\n\t<li  id=\"menu-item-196\" class=\"menu-item menu-item-type-post_type menu-item-object-page menu-item-196\"><a href=\"https:\/\/concretesolutions.fr\/?page_id=193\" class=\"menu-link\">B\u00e9ton d\u00e9sactiv\u00e9<\/a><\/li>\n\t<li  id=\"menu-item-84\" class=\"menu-item menu-item-type-post_type menu-item-object-page menu-item-84\"><a href=\"https:\/\/concretesolutions.fr\/?page_id=73\" class=\"menu-link\">R\u00e9sine drainante<\/a><\/li>\n<\/ul>\n<\/li>\n<li  id=\"menu-item-22\" class=\"menu-item menu-item-type-post_type menu-item-object-page menu-item-22\"><a href=\"https:\/\/concretesolutions.fr\/?page_id=12\" class=\"menu-link\">Nos r\u00e9alisations<\/a><\/li>\n<li  id=\"menu-item-441\" class=\"menu-item menu-item-type-post_type menu-item-object-page menu-item-441\"><a href=\"https:\/\/concretesolutions.fr\/?page_id=288\" class=\"menu-link\">Devis<\/a><\/li>\n<li  id=\"menu-item-23\" class=\"menu-item menu-item-type-post_type menu-item-object-page menu-item-23\"><a href=\"https:\/\/concretesolutions.fr\/?page_id=13\" class=\"menu-link\">Contact<\/a><\/li>\n<li  id=\"menu-item-442\" class=\"menu-item menu-item-type-post_type menu-item-object-page menu-item-442\"><a href=\"https:\/\/concretesolutions.fr\/?page_id=159\" class=\"menu-link\">Mentions l\u00e9gales<\/a><\/li>\n<\/ul><\/div>\t\t<\/div>\n\t\t\t\t<\/div>\n\t\t\t\t\t\t<\/div>\n\t\t\t<\/div>\n\t\t<\/div>\n\t\t\t\t<div class=\"elementor-element elementor-element-9f0c626 elementor-column elementor-col-50 elementor-top-column\" data-id=\"9f0c626\" data-element_type=\"column\">\n\t\t\t<div class=\"elementor-column-wrap  elementor-element-populated\">\n\t\t\t\t\t<div class=\"elementor-widget-wrap\">\n\t\t\t\t<div class=\"elementor-element elementor-element-39be337 elementor-widget elementor-widget-image\" data-id=\"39be337\" data-element_type=\"widget\" data-widget_type=\"image.default\">\n\t\t\t\t<div class=\"elementor-widget-container\">\n\t\t\t\t\t<div class=\"elementor-image\">\n\t\t\t\t\t\t\t\t\t\t\t<a href=\"https:\/\/www.facebook.com\/pg\/concretesolutions66\" target=\"_blank\">\n\t\t\t\t\t\t\t<img decoding=\"async\" src=\"https:\/\/concretesolutions.fr\/wp-content\/uploads\/2020\/05\/icone-facebook.png\" title=\"icone facebook\" alt=\"icone facebook\" \/>\t\t\t\t\t\t\t\t<\/a>\n\t\t\t\t\t\t\t\t\t\t\t<\/div>\n\t\t\t\t<\/div>\n\t\t\t\t<\/div>\n\t\t\t\t\t\t<\/div>\n\t\t\t<\/div>\n\t\t<\/div>\n\t\t\t\t\t\t<\/div>\n\t\t\t<\/div>\n\t\t<\/section>\n\t\t\t\t<section class=\"elementor-element elementor-element-d400e48 elementor-section-stretched elementor-section-full_width elementor-section-height-default elementor-section-height-default elementor-section elementor-top-section\" data-id=\"d400e48\" data-element_type=\"section\" data-settings=\"{&quot;stretch_section&quot;:&quot;section-stretched&quot;,&quot;background_background&quot;:&quot;classic&quot;}\">\n\t\t\t\t\t\t<div class=\"elementor-container elementor-column-gap-default\">\n\t\t\t\t<div class=\"elementor-row\">\n\t\t\t\t<div class=\"elementor-element elementor-element-79cfa4e elementor-column elementor-col-20 elementor-top-column\" data-id=\"79cfa4e\" data-element_type=\"column\">\n\t\t\t<div class=\"elementor-column-wrap  elementor-element-populated\">\n\t\t\t\t\t<div class=\"elementor-widget-wrap\">\n\t\t\t\t<div class=\"elementor-element elementor-element-3d0f9d2 elementor-widget elementor-widget-image\" data-id=\"3d0f9d2\" data-element_type=\"widget\" data-widget_type=\"image.default\">\n\t\t\t\t<div class=\"elementor-widget-container\">\n\t\t\t\t\t<div class=\"elementor-image\">\n\t\t\t\t\t\t\t\t\t\t\t<a href=\"http:\/\/concretesolutions.fr\/?page_id=72\">\n\t\t\t\t\t\t\t<img loading=\"lazy\" decoding=\"async\" width=\"300\" height=\"300\" src=\"https:\/\/concretesolutions.fr\/wp-content\/uploads\/2019\/07\/beton_lisse2.png\" class=\"attachment-medium size-medium\" alt=\"b\u00e9ton d\u00e9coratif\" srcset=\"https:\/\/concretesolutions.fr\/wp-content\/uploads\/2019\/07\/beton_lisse2.png 300w, https:\/\/concretesolutions.fr\/wp-content\/uploads\/2019\/07\/beton_lisse2-150x150.png 150w\" sizes=\"(max-width: 300px) 100vw, 300px\" \/>\t\t\t\t\t\t\t\t<\/a>\n\t\t\t\t\t\t\t\t\t\t\t<\/div>\n\t\t\t\t<\/div>\n\t\t\t\t<\/div>\n\t\t\t\t<div class=\"elementor-element elementor-element-b95927f elementor-widget elementor-widget-heading\" data-id=\"b95927f\" data-element_type=\"widget\" data-widget_type=\"heading.default\">\n\t\t\t\t<div class=\"elementor-widget-container\">\n\t\t\t<h1 class=\"elementor-heading-title elementor-size-default\">B\u00e9ton liss\u00e9<\/h1>\t\t<\/div>\n\t\t\t\t<\/div>\n\t\t\t\t\t\t<\/div>\n\t\t\t<\/div>\n\t\t<\/div>\n\t\t\t\t<div class=\"elementor-element elementor-element-97125c2 elementor-column elementor-col-20 elementor-top-column\" data-id=\"97125c2\" data-element_type=\"column\">\n\t\t\t<div class=\"elementor-column-wrap  elementor-element-populated\">\n\t\t\t\t\t<div class=\"elementor-widget-wrap\">\n\t\t\t\t<div class=\"elementor-element elementor-element-687ec88 elementor-widget elementor-widget-image\" data-id=\"687ec88\" data-element_type=\"widget\" data-widget_type=\"image.default\">\n\t\t\t\t<div class=\"elementor-widget-container\">\n\t\t\t\t\t<div class=\"elementor-image\">\n\t\t\t\t\t\t\t\t\t\t\t<a href=\"http:\/\/concretesolutions.fr\/?page_id=193\">\n\t\t\t\t\t\t\t<img loading=\"lazy\" decoding=\"async\" width=\"300\" height=\"300\" src=\"https:\/\/concretesolutions.fr\/wp-content\/uploads\/2019\/07\/beton_desactive.png\" class=\"attachment-medium size-medium\" alt=\"beton_decoratif_desactive\" srcset=\"https:\/\/concretesolutions.fr\/wp-content\/uploads\/2019\/07\/beton_desactive.png 300w, https:\/\/concretesolutions.fr\/wp-content\/uploads\/2019\/07\/beton_desactive-150x150.png 150w\" sizes=\"(max-width: 300px) 100vw, 300px\" \/>\t\t\t\t\t\t\t\t<\/a>\n\t\t\t\t\t\t\t\t\t\t\t<\/div>\n\t\t\t\t<\/div>\n\t\t\t\t<\/div>\n\t\t\t\t<div class=\"elementor-element elementor-element-71b1331 elementor-widget elementor-widget-heading\" data-id=\"71b1331\" data-element_type=\"widget\" data-widget_type=\"heading.default\">\n\t\t\t\t<div class=\"elementor-widget-container\">\n\t\t\t<h2 class=\"elementor-heading-title elementor-size-default\">B\u00e9ton d\u00e9sactiv\u00e9<\/h2>\t\t<\/div>\n\t\t\t\t<\/div>\n\t\t\t\t\t\t<\/div>\n\t\t\t<\/div>\n\t\t<\/div>\n\t\t\t\t<div class=\"elementor-element elementor-element-f09f77d elementor-column elementor-col-20 elementor-top-column\" data-id=\"f09f77d\" data-element_type=\"column\">\n\t\t\t<div class=\"elementor-column-wrap  elementor-element-populated\">\n\t\t\t\t\t<div class=\"elementor-widget-wrap\">\n\t\t\t\t<div class=\"elementor-element elementor-element-181aab3 elementor-widget elementor-widget-image\" data-id=\"181aab3\" data-element_type=\"widget\" data-widget_type=\"image.default\">\n\t\t\t\t<div class=\"elementor-widget-container\">\n\t\t\t\t\t<div class=\"elementor-image\">\n\t\t\t\t\t\t\t\t\t\t\t<a href=\"http:\/\/concretesolutions.fr\/?page_id=71\">\n\t\t\t\t\t\t\t<img loading=\"lazy\" decoding=\"async\" width=\"300\" height=\"300\" src=\"https:\/\/concretesolutions.fr\/wp-content\/uploads\/2019\/07\/beton_balaye.png\" class=\"attachment-medium size-medium\" alt=\"beton_decoratif_balaye\" srcset=\"https:\/\/concretesolutions.fr\/wp-content\/uploads\/2019\/07\/beton_balaye.png 300w, https:\/\/concretesolutions.fr\/wp-content\/uploads\/2019\/07\/beton_balaye-150x150.png 150w\" sizes=\"(max-width: 300px) 100vw, 300px\" \/>\t\t\t\t\t\t\t\t<\/a>\n\t\t\t\t\t\t\t\t\t\t\t<\/div>\n\t\t\t\t<\/div>\n\t\t\t\t<\/div>\n\t\t\t\t<div class=\"elementor-element elementor-element-7da2bb2 elementor-widget elementor-widget-heading\" data-id=\"7da2bb2\" data-element_type=\"widget\" data-widget_type=\"heading.default\">\n\t\t\t\t<div class=\"elementor-widget-container\">\n\t\t\t<h2 class=\"elementor-heading-title elementor-size-default\">B\u00e9ton balay\u00e9<\/h2>\t\t<\/div>\n\t\t\t\t<\/div>\n\t\t\t\t\t\t<\/div>\n\t\t\t<\/div>\n\t\t<\/div>\n\t\t\t\t<div class=\"elementor-element elementor-element-bd65bfb elementor-column elementor-col-20 elementor-top-column\" data-id=\"bd65bfb\" data-element_type=\"column\">\n\t\t\t<div class=\"elementor-column-wrap  elementor-element-populated\">\n\t\t\t\t\t<div class=\"elementor-widget-wrap\">\n\t\t\t\t<div class=\"elementor-element elementor-element-c1c8680 elementor-widget elementor-widget-image\" data-id=\"c1c8680\" data-element_type=\"widget\" data-widget_type=\"image.default\">\n\t\t\t\t<div class=\"elementor-widget-container\">\n\t\t\t\t\t<div class=\"elementor-image\">\n\t\t\t\t\t\t\t\t\t\t\t<a href=\"http:\/\/concretesolutions.fr\/?page_id=70\">\n\t\t\t\t\t\t\t<img loading=\"lazy\" decoding=\"async\" width=\"300\" height=\"300\" src=\"https:\/\/concretesolutions.fr\/wp-content\/uploads\/2019\/07\/beton_imprime_2.png\" class=\"attachment-medium size-medium\" alt=\"beton_decoratif_imprime\" srcset=\"https:\/\/concretesolutions.fr\/wp-content\/uploads\/2019\/07\/beton_imprime_2.png 300w, https:\/\/concretesolutions.fr\/wp-content\/uploads\/2019\/07\/beton_imprime_2-150x150.png 150w\" sizes=\"(max-width: 300px) 100vw, 300px\" \/>\t\t\t\t\t\t\t\t<\/a>\n\t\t\t\t\t\t\t\t\t\t\t<\/div>\n\t\t\t\t<\/div>\n\t\t\t\t<\/div>\n\t\t\t\t<div class=\"elementor-element elementor-element-6d95402 elementor-widget elementor-widget-heading\" data-id=\"6d95402\" data-element_type=\"widget\" data-widget_type=\"heading.default\">\n\t\t\t\t<div class=\"elementor-widget-container\">\n\t\t\t<h2 class=\"elementor-heading-title elementor-size-default\">B\u00e9ton imprim\u00e9<\/h2>\t\t<\/div>\n\t\t\t\t<\/div>\n\t\t\t\t\t\t<\/div>\n\t\t\t<\/div>\n\t\t<\/div>\n\t\t\t\t<div class=\"elementor-element elementor-element-832bb65 elementor-column elementor-col-20 elementor-top-column\" data-id=\"832bb65\" data-element_type=\"column\">\n\t\t\t<div class=\"elementor-column-wrap  elementor-element-populated\">\n\t\t\t\t\t<div class=\"elementor-widget-wrap\">\n\t\t\t\t<div class=\"elementor-element elementor-element-b60bd6b elementor-widget elementor-widget-image\" data-id=\"b60bd6b\" data-element_type=\"widget\" data-widget_type=\"image.default\">\n\t\t\t\t<div class=\"elementor-widget-container\">\n\t\t\t\t\t<div class=\"elementor-image\">\n\t\t\t\t\t\t\t\t\t\t\t<a href=\"http:\/\/concretesolutions.fr\/?page_id=73\">\n\t\t\t\t\t\t\t<img loading=\"lazy\" decoding=\"async\" width=\"300\" height=\"300\" src=\"https:\/\/concretesolutions.fr\/wp-content\/uploads\/2019\/07\/resine_drainante.png\" class=\"attachment-medium size-medium\" alt=\"resine_drainante\" srcset=\"https:\/\/concretesolutions.fr\/wp-content\/uploads\/2019\/07\/resine_drainante.png 300w, https:\/\/concretesolutions.fr\/wp-content\/uploads\/2019\/07\/resine_drainante-150x150.png 150w\" sizes=\"(max-width: 300px) 100vw, 300px\" \/>\t\t\t\t\t\t\t\t<\/a>\n\t\t\t\t\t\t\t\t\t\t\t<\/div>\n\t\t\t\t<\/div>\n\t\t\t\t<\/div>\n\t\t\t\t<div class=\"elementor-element elementor-element-cca48bf elementor-widget elementor-widget-heading\" data-id=\"cca48bf\" data-element_type=\"widget\" data-widget_type=\"heading.default\">\n\t\t\t\t<div class=\"elementor-widget-container\">\n\t\t\t<h2 class=\"elementor-heading-title elementor-size-default\">R\u00e9sine drainante<\/h2>\t\t<\/div>\n\t\t\t\t<\/div>\n\t\t\t\t\t\t<\/div>\n\t\t\t<\/div>\n\t\t<\/div>\n\t\t\t\t\t\t<\/div>\n\t\t\t<\/div>\n\t\t<\/section>\n\t\t\t\t\t\t<\/div>\n\t\t\t<\/div>\n\t\t<\/div>\n\t\t","protected":false},"excerpt":{"rendered":"<p>Nos b\u00e9tons B\u00e9ton liss\u00e9 B\u00e9ton d\u00e9sactiv\u00e9 B\u00e9ton balay\u00e9 B\u00e9ton imprim\u00e9 R\u00e9sine drainante<\/p>\n","protected":false},"author":1,"featured_media":0,"parent":0,"menu_order":0,"comment_status":"closed","ping_status":"closed","template":"","meta":{"footnotes":""},"_links":{"self":[{"href":"https:\/\/concretesolutions.fr\/index.php?rest_route=\/wp\/v2\/pages\/11"}],"collection":[{"href":"https:\/\/concretesolutions.fr\/index.php?rest_route=\/wp\/v2\/pages"}],"about":[{"href":"https:\/\/concretesolutions.fr\/index.php?rest_route=\/wp\/v2\/types\/page"}],"author":[{"embeddable":true,"href":"https:\/\/concretesolutions.fr\/index.php?rest_route=\/wp\/v2\/users\/1"}],"replies":[{"embeddable":true,"href":"https:\/\/concretesolutions.fr\/index.php?rest_route=%2Fwp%2Fv2%2Fcomments&post=11"}],"version-history":[{"count":18,"href":"https:\/\/concretesolutions.fr\/index.php?rest_route=\/wp\/v2\/pages\/11\/revisions"}],"predecessor-version":[{"id":576,"href":"https:\/\/concretesolutions.fr\/index.php?rest_route=\/wp\/v2\/pages\/11\/revisions\/576"}],"wp:attachment":[{"href":"https:\/\/concretesolutions.fr\/index.php?rest_route=%2Fwp%2Fv2%2Fmedia&parent=11"}],"curies":[{"name":"wp","href":"https:\/\/api.w.org\/{rel}","templated":true}]}}