{"id":71,"date":"2019-07-17T20:52:33","date_gmt":"2019-07-17T18:52:33","guid":{"rendered":"http:\/\/concretesolutions.fr\/?page_id=71"},"modified":"2020-05-31T21:52:07","modified_gmt":"2020-05-31T19:52:07","slug":"beton-balaye","status":"publish","type":"page","link":"https:\/\/concretesolutions.fr\/?page_id=71","title":{"rendered":"B\u00e9ton balay\u00e9"},"content":{"rendered":"\t\t<div data-elementor-type=\"wp-post\" data-elementor-id=\"71\" class=\"elementor elementor-71\" data-elementor-settings=\"[]\">\n\t\t\t<div class=\"elementor-inner\">\n\t\t\t\t<div class=\"elementor-section-wrap\">\n\t\t\t\t\t\t\t<section class=\"elementor-element elementor-element-34ea0fa elementor-section-stretched elementor-section-full_width elementor-section-height-default elementor-section-height-default elementor-section elementor-top-section\" data-id=\"34ea0fa\" data-element_type=\"section\" data-settings=\"{&quot;stretch_section&quot;:&quot;section-stretched&quot;,&quot;background_background&quot;:&quot;classic&quot;}\">\n\t\t\t\t\t\t\t<div class=\"elementor-background-overlay\"><\/div>\n\t\t\t\t\t\t\t<div class=\"elementor-container elementor-column-gap-default\">\n\t\t\t\t<div class=\"elementor-row\">\n\t\t\t\t<div class=\"elementor-element elementor-element-5d7aeb3 elementor-column elementor-col-100 elementor-top-column\" data-id=\"5d7aeb3\" data-element_type=\"column\">\n\t\t\t<div class=\"elementor-column-wrap  elementor-element-populated\">\n\t\t\t\t\t<div class=\"elementor-widget-wrap\">\n\t\t\t\t<div class=\"elementor-element elementor-element-82b377d animated-slow elementor-invisible elementor-widget elementor-widget-image\" data-id=\"82b377d\" data-element_type=\"widget\" data-settings=\"{&quot;_animation&quot;:&quot;zoomInDown&quot;,&quot;_animation_tablet&quot;:&quot;zoomInDown&quot;,&quot;_animation_mobile&quot;:&quot;zoomInDown&quot;}\" data-widget_type=\"image.default\">\n\t\t\t\t<div class=\"elementor-widget-container\">\n\t\t\t\t\t<div class=\"elementor-image\">\n\t\t\t\t\t\t\t\t\t\t<img loading=\"lazy\" decoding=\"async\" width=\"1024\" height=\"136\" src=\"https:\/\/concretesolutions.fr\/wp-content\/uploads\/2019\/07\/Concrete_gris_fonc\u00e9-1024x136.png\" class=\"attachment-large size-large\" alt=\"b\u00e9ton d\u00e9coratif\" srcset=\"https:\/\/concretesolutions.fr\/wp-content\/uploads\/2019\/07\/Concrete_gris_fonc\u00e9-1024x136.png 1024w, https:\/\/concretesolutions.fr\/wp-content\/uploads\/2019\/07\/Concrete_gris_fonc\u00e9-300x40.png 300w, https:\/\/concretesolutions.fr\/wp-content\/uploads\/2019\/07\/Concrete_gris_fonc\u00e9-768x102.png 768w, https:\/\/concretesolutions.fr\/wp-content\/uploads\/2019\/07\/Concrete_gris_fonc\u00e9.png 1366w\" sizes=\"(max-width: 1024px) 100vw, 1024px\" \/>\t\t\t\t\t\t\t\t\t\t\t<\/div>\n\t\t\t\t<\/div>\n\t\t\t\t<\/div>\n\t\t\t\t<div class=\"elementor-element elementor-element-637fd17 animated-slow elementor-invisible elementor-widget elementor-widget-image\" data-id=\"637fd17\" data-element_type=\"widget\" data-settings=\"{&quot;_animation&quot;:&quot;fadeInDown&quot;}\" data-widget_type=\"image.default\">\n\t\t\t\t<div class=\"elementor-widget-container\">\n\t\t\t\t\t<div class=\"elementor-image\">\n\t\t\t\t\t\t\t\t\t\t<img loading=\"lazy\" decoding=\"async\" width=\"429\" height=\"142\" src=\"https:\/\/concretesolutions.fr\/wp-content\/uploads\/2019\/07\/Solutions_bien_blanc3.png\" class=\"attachment-large size-large\" alt=\"b\u00e9ton d\u00e9coratif\" srcset=\"https:\/\/concretesolutions.fr\/wp-content\/uploads\/2019\/07\/Solutions_bien_blanc3.png 429w, https:\/\/concretesolutions.fr\/wp-content\/uploads\/2019\/07\/Solutions_bien_blanc3-300x99.png 300w\" sizes=\"(max-width: 429px) 100vw, 429px\" \/>\t\t\t\t\t\t\t\t\t\t\t<\/div>\n\t\t\t\t<\/div>\n\t\t\t\t<\/div>\n\t\t\t\t\t\t<\/div>\n\t\t\t<\/div>\n\t\t<\/div>\n\t\t\t\t\t\t<\/div>\n\t\t\t<\/div>\n\t\t<\/section>\n\t\t\t\t<section class=\"elementor-element elementor-element-17cc100 elementor-section-stretched elementor-section-full_width elementor-section-height-default elementor-section-height-default elementor-section elementor-top-section\" data-id=\"17cc100\" data-element_type=\"section\" data-settings=\"{&quot;stretch_section&quot;:&quot;section-stretched&quot;,&quot;background_background&quot;:&quot;classic&quot;}\">\n\t\t\t\t\t\t<div class=\"elementor-container elementor-column-gap-default\">\n\t\t\t\t<div class=\"elementor-row\">\n\t\t\t\t<div class=\"elementor-element elementor-element-dff5abb elementor-column elementor-col-100 elementor-top-column\" data-id=\"dff5abb\" data-element_type=\"column\">\n\t\t\t<div class=\"elementor-column-wrap  elementor-element-populated\">\n\t\t\t\t\t<div class=\"elementor-widget-wrap\">\n\t\t\t\t<div class=\"elementor-element elementor-element-d93d4e2 elementor-widget elementor-widget-heading\" data-id=\"d93d4e2\" data-element_type=\"widget\" data-widget_type=\"heading.default\">\n\t\t\t\t<div class=\"elementor-widget-container\">\n\t\t\t<h1 class=\"elementor-heading-title elementor-size-xl\">B\u00e9ton balay\u00e9<\/h1>\t\t<\/div>\n\t\t\t\t<\/div>\n\t\t\t\t\t\t<\/div>\n\t\t\t<\/div>\n\t\t<\/div>\n\t\t\t\t\t\t<\/div>\n\t\t\t<\/div>\n\t\t<\/section>\n\t\t\t\t<section class=\"elementor-element elementor-element-e3a40a9 elementor-section-boxed elementor-section-height-default elementor-section-height-default elementor-section elementor-top-section\" data-id=\"e3a40a9\" data-element_type=\"section\" data-settings=\"{&quot;background_background&quot;:&quot;classic&quot;}\">\n\t\t\t\t\t\t<div class=\"elementor-container elementor-column-gap-default\">\n\t\t\t\t<div class=\"elementor-row\">\n\t\t\t\t<div class=\"elementor-element elementor-element-f7ac974 elementor-column elementor-col-50 elementor-top-column\" data-id=\"f7ac974\" data-element_type=\"column\">\n\t\t\t<div class=\"elementor-column-wrap  elementor-element-populated\">\n\t\t\t\t\t<div class=\"elementor-widget-wrap\">\n\t\t\t\t<div class=\"elementor-element elementor-element-e5cbe1e elementor-widget elementor-widget-wp-widget-ocean_custom_menu\" data-id=\"e5cbe1e\" data-element_type=\"widget\" data-widget_type=\"wp-widget-ocean_custom_menu.default\">\n\t\t\t\t<div class=\"elementor-widget-container\">\n\t\t\t<style type=\"text\/css\">.ocean_custom_menu-REPLACE_TO_ID > ul > li > a, .custom-menu-widget .ocean_custom_menu-REPLACE_TO_ID .dropdown-menu .sub-menu li a.menu-link{color:#FEFEFE;font-size:17px;}.custom-menu-widget .ocean_custom_menu-REPLACE_TO_ID.oceanwp-custom-menu > ul.click-menu .open-this{color:#FEFEFE;font-size:17px;}.ocean_custom_menu-REPLACE_TO_ID > ul > li > a:hover, .custom-menu-widget .ocean_custom_menu-REPLACE_TO_ID .dropdown-menu .sub-menu li a.menu-link:hover{color:#606060;}.custom-menu-widget .ocean_custom_menu-REPLACE_TO_ID.oceanwp-custom-menu > ul.click-menu .open-this:hover{color:#606060;}<\/style><div class=\"oceanwp-custom-menu clr ocean_custom_menu-REPLACE_TO_ID center dropdown-hover\"><ul id=\"menu-menu-principal\" class=\"dropdown-menu sf-menu\"><li  id=\"menu-item-19\" class=\"menu-item menu-item-type-post_type menu-item-object-page menu-item-home menu-item-19\"><a href=\"https:\/\/concretesolutions.fr\/\" class=\"menu-link\">Accueil<\/a><\/li>\n<li  id=\"menu-item-20\" class=\"menu-item menu-item-type-post_type menu-item-object-page menu-item-20\"><a href=\"https:\/\/concretesolutions.fr\/?page_id=9\" class=\"menu-link\">Qui sommes nous ?<\/a><\/li>\n<li  id=\"menu-item-21\" class=\"menu-item menu-item-type-post_type menu-item-object-page menu-item-has-children dropdown menu-item-21\"><a href=\"https:\/\/concretesolutions.fr\/?page_id=11\" class=\"menu-link\">Nos b\u00e9tons <span class=\"nav-arrow fa fa-angle-down\"><\/span><\/a>\n<ul class=\"sub-menu\">\n\t<li  id=\"menu-item-81\" class=\"menu-item menu-item-type-post_type menu-item-object-page menu-item-81\"><a href=\"https:\/\/concretesolutions.fr\/?page_id=70\" class=\"menu-link\">B\u00e9ton marqu\u00e9\/imprim\u00e9<\/a><\/li>\n\t<li  id=\"menu-item-82\" class=\"menu-item menu-item-type-post_type menu-item-object-page menu-item-82\"><a href=\"https:\/\/concretesolutions.fr\/?page_id=71\" class=\"menu-link\">B\u00e9ton balay\u00e9<\/a><\/li>\n\t<li  id=\"menu-item-83\" class=\"menu-item menu-item-type-post_type menu-item-object-page menu-item-83\"><a href=\"https:\/\/concretesolutions.fr\/?page_id=72\" class=\"menu-link\">B\u00e9ton liss\u00e9<\/a><\/li>\n\t<li  id=\"menu-item-196\" class=\"menu-item menu-item-type-post_type menu-item-object-page menu-item-196\"><a href=\"https:\/\/concretesolutions.fr\/?page_id=193\" class=\"menu-link\">B\u00e9ton d\u00e9sactiv\u00e9<\/a><\/li>\n\t<li  id=\"menu-item-84\" class=\"menu-item menu-item-type-post_type menu-item-object-page menu-item-84\"><a href=\"https:\/\/concretesolutions.fr\/?page_id=73\" class=\"menu-link\">R\u00e9sine drainante<\/a><\/li>\n<\/ul>\n<\/li>\n<li  id=\"menu-item-22\" class=\"menu-item menu-item-type-post_type menu-item-object-page menu-item-22\"><a href=\"https:\/\/concretesolutions.fr\/?page_id=12\" class=\"menu-link\">Nos r\u00e9alisations<\/a><\/li>\n<li  id=\"menu-item-441\" class=\"menu-item menu-item-type-post_type menu-item-object-page menu-item-441\"><a href=\"https:\/\/concretesolutions.fr\/?page_id=288\" class=\"menu-link\">Devis<\/a><\/li>\n<li  id=\"menu-item-23\" class=\"menu-item menu-item-type-post_type menu-item-object-page menu-item-23\"><a href=\"https:\/\/concretesolutions.fr\/?page_id=13\" class=\"menu-link\">Contact<\/a><\/li>\n<li  id=\"menu-item-442\" class=\"menu-item menu-item-type-post_type menu-item-object-page menu-item-442\"><a href=\"https:\/\/concretesolutions.fr\/?page_id=159\" class=\"menu-link\">Mentions l\u00e9gales<\/a><\/li>\n<\/ul><\/div>\t\t<\/div>\n\t\t\t\t<\/div>\n\t\t\t\t\t\t<\/div>\n\t\t\t<\/div>\n\t\t<\/div>\n\t\t\t\t<div class=\"elementor-element elementor-element-c77399a elementor-column elementor-col-50 elementor-top-column\" data-id=\"c77399a\" data-element_type=\"column\">\n\t\t\t<div class=\"elementor-column-wrap  elementor-element-populated\">\n\t\t\t\t\t<div class=\"elementor-widget-wrap\">\n\t\t\t\t<div class=\"elementor-element elementor-element-a30f830 elementor-widget elementor-widget-image\" data-id=\"a30f830\" data-element_type=\"widget\" data-widget_type=\"image.default\">\n\t\t\t\t<div class=\"elementor-widget-container\">\n\t\t\t\t\t<div class=\"elementor-image\">\n\t\t\t\t\t\t\t\t\t\t\t<a href=\"https:\/\/www.facebook.com\/pg\/concretesolutions66\" target=\"_blank\">\n\t\t\t\t\t\t\t<img decoding=\"async\" src=\"https:\/\/concretesolutions.fr\/wp-content\/uploads\/2020\/05\/icone-facebook.png\" title=\"icone facebook\" alt=\"icone facebook\" \/>\t\t\t\t\t\t\t\t<\/a>\n\t\t\t\t\t\t\t\t\t\t\t<\/div>\n\t\t\t\t<\/div>\n\t\t\t\t<\/div>\n\t\t\t\t\t\t<\/div>\n\t\t\t<\/div>\n\t\t<\/div>\n\t\t\t\t\t\t<\/div>\n\t\t\t<\/div>\n\t\t<\/section>\n\t\t\t\t<section class=\"elementor-element elementor-element-ea34dbb elementor-section-stretched elementor-section-boxed elementor-section-height-default elementor-section-height-default elementor-section elementor-top-section\" data-id=\"ea34dbb\" data-element_type=\"section\" data-settings=\"{&quot;stretch_section&quot;:&quot;section-stretched&quot;}\">\n\t\t\t\t\t\t<div class=\"elementor-container elementor-column-gap-default\">\n\t\t\t\t<div class=\"elementor-row\">\n\t\t\t\t<div class=\"elementor-element elementor-element-cf214e0 elementor-column elementor-col-100 elementor-top-column\" data-id=\"cf214e0\" data-element_type=\"column\">\n\t\t\t<div class=\"elementor-column-wrap  elementor-element-populated\">\n\t\t\t\t\t<div class=\"elementor-widget-wrap\">\n\t\t\t\t<div class=\"elementor-element elementor-element-16f0906 elementor-widget elementor-widget-text-editor\" data-id=\"16f0906\" data-element_type=\"widget\" data-widget_type=\"text-editor.default\">\n\t\t\t\t<div class=\"elementor-widget-container\">\n\t\t\t\t\t<div class=\"elementor-text-editor elementor-clearfix\"><p>Le b\u00e9ton balay\u00e9 consiste \u00e0 venir strier un b\u00e9ton frais \u00e0 l&rsquo;aide d&rsquo;un balai de marquage, dont les poils en sont plus ou moins \u00e9pais ou espac\u00e9s suivant l&rsquo;effet recherch\u00e9. Ce type de b\u00e9ton int\u00e8gre ais\u00e9ment tout type de paysage, qu&rsquo;il soit urbain, rural ou v\u00e9g\u00e9talis\u00e9.<br \/>Le b\u00e9ton balay\u00e9 peut \u00eatre teint\u00e9 et s&rsquo;utilise pour les mont\u00e9es de garage, tour de piscine, all\u00e9e v\u00e9hicul\u00e9e, terrasse&#8230;\u00a0<br \/>Le b\u00e9ton balay\u00e9 a une excellente r\u00e9sistance et durabilit\u00e9 (plus de 30 ans), une facilit\u00e9 d&rsquo;entretien incroyable et de tr\u00e8s bonnes qualit\u00e9s d&rsquo;adh\u00e9rence.<br \/>De plus, le b\u00e9ton balay\u00e9 reste une alternative tr\u00e8s \u00e9conomique et d\u00e9corative par rapport \u00e0 une dalle de b\u00e9ton brut.<\/p><\/div>\n\t\t\t\t<\/div>\n\t\t\t\t<\/div>\n\t\t\t\t\t\t<\/div>\n\t\t\t<\/div>\n\t\t<\/div>\n\t\t\t\t\t\t<\/div>\n\t\t\t<\/div>\n\t\t<\/section>\n\t\t\t\t<section class=\"elementor-element elementor-element-42115d8 elementor-section-stretched elementor-section-full_width elementor-section-height-default elementor-section-height-default elementor-section elementor-top-section\" data-id=\"42115d8\" data-element_type=\"section\" data-settings=\"{&quot;stretch_section&quot;:&quot;section-stretched&quot;,&quot;background_background&quot;:&quot;classic&quot;}\">\n\t\t\t\t\t\t<div class=\"elementor-container elementor-column-gap-default\">\n\t\t\t\t<div class=\"elementor-row\">\n\t\t\t\t<div class=\"elementor-element elementor-element-7488b10 elementor-column elementor-col-100 elementor-top-column\" data-id=\"7488b10\" data-element_type=\"column\">\n\t\t\t<div class=\"elementor-column-wrap  elementor-element-populated\">\n\t\t\t\t\t<div class=\"elementor-widget-wrap\">\n\t\t\t\t<div class=\"elementor-element elementor-element-d33b9fc elementor-invisible elementor-widget elementor-widget-heading\" data-id=\"d33b9fc\" data-element_type=\"widget\" data-settings=\"{&quot;_animation&quot;:&quot;slideInLeft&quot;}\" data-widget_type=\"heading.default\">\n\t\t\t\t<div class=\"elementor-widget-container\">\n\t\t\t<h1 class=\"elementor-heading-title elementor-size-default\">Les \u00e9tapes du b\u00e9ton balay\u00e9<\/h1>\t\t<\/div>\n\t\t\t\t<\/div>\n\t\t\t\t\t\t<\/div>\n\t\t\t<\/div>\n\t\t<\/div>\n\t\t\t\t\t\t<\/div>\n\t\t\t<\/div>\n\t\t<\/section>\n\t\t\t\t<section class=\"elementor-element elementor-element-f3724c7 elementor-section-stretched elementor-section-boxed elementor-section-height-default elementor-section-height-default elementor-section elementor-top-section\" data-id=\"f3724c7\" data-element_type=\"section\" data-settings=\"{&quot;stretch_section&quot;:&quot;section-stretched&quot;}\">\n\t\t\t\t\t\t<div class=\"elementor-container elementor-column-gap-default\">\n\t\t\t\t<div class=\"elementor-row\">\n\t\t\t\t<div class=\"elementor-element elementor-element-02c91ce elementor-column elementor-col-66 elementor-top-column\" data-id=\"02c91ce\" data-element_type=\"column\">\n\t\t\t<div class=\"elementor-column-wrap  elementor-element-populated\">\n\t\t\t\t\t<div class=\"elementor-widget-wrap\">\n\t\t\t\t<div class=\"elementor-element elementor-element-67ad209 elementor-widget elementor-widget-heading\" data-id=\"67ad209\" data-element_type=\"widget\" data-widget_type=\"heading.default\">\n\t\t\t\t<div class=\"elementor-widget-container\">\n\t\t\t<h1 class=\"elementor-heading-title elementor-size-default\">Pr\u00e9paration du sol<\/h1>\t\t<\/div>\n\t\t\t\t<\/div>\n\t\t\t\t<div class=\"elementor-element elementor-element-b0f55fa elementor-widget elementor-widget-text-editor\" data-id=\"b0f55fa\" data-element_type=\"widget\" data-widget_type=\"text-editor.default\">\n\t\t\t\t<div class=\"elementor-widget-container\">\n\t\t\t\t\t<div class=\"elementor-text-editor elementor-clearfix\"><p>Prot\u00e9ger les abords du chantier.<br \/>Pose de plastique, treillis soud\u00e9s et bande p\u00e9riph\u00e9rique sur un sol pr\u00e9alablement compact\u00e9 ou dur.<br \/>Si n\u00e9cessaire pose de planche de coffrage.<\/p><\/div>\n\t\t\t\t<\/div>\n\t\t\t\t<\/div>\n\t\t\t\t\t\t<\/div>\n\t\t\t<\/div>\n\t\t<\/div>\n\t\t\t\t<div class=\"elementor-element elementor-element-cabaa89 elementor-column elementor-col-33 elementor-top-column\" data-id=\"cabaa89\" data-element_type=\"column\">\n\t\t\t<div class=\"elementor-column-wrap  elementor-element-populated\">\n\t\t\t\t\t<div class=\"elementor-widget-wrap\">\n\t\t\t\t<div class=\"elementor-element elementor-element-1d5bef5 elementor-widget elementor-widget-image\" data-id=\"1d5bef5\" data-element_type=\"widget\" data-widget_type=\"image.default\">\n\t\t\t\t<div class=\"elementor-widget-container\">\n\t\t\t\t\t<div class=\"elementor-image\">\n\t\t\t\t\t\t\t\t\t\t<img loading=\"lazy\" decoding=\"async\" width=\"300\" height=\"300\" src=\"https:\/\/concretesolutions.fr\/wp-content\/uploads\/2019\/08\/photos-\u00e0-venir.png\" class=\"attachment-medium size-medium\" alt=\"\" srcset=\"https:\/\/concretesolutions.fr\/wp-content\/uploads\/2019\/08\/photos-\u00e0-venir.png 300w, https:\/\/concretesolutions.fr\/wp-content\/uploads\/2019\/08\/photos-\u00e0-venir-150x150.png 150w\" sizes=\"(max-width: 300px) 100vw, 300px\" \/>\t\t\t\t\t\t\t\t\t\t\t<\/div>\n\t\t\t\t<\/div>\n\t\t\t\t<\/div>\n\t\t\t\t\t\t<\/div>\n\t\t\t<\/div>\n\t\t<\/div>\n\t\t\t\t\t\t<\/div>\n\t\t\t<\/div>\n\t\t<\/section>\n\t\t\t\t<section class=\"elementor-element elementor-element-4eca605 elementor-section-stretched elementor-section-boxed elementor-section-height-default elementor-section-height-default elementor-section elementor-top-section\" data-id=\"4eca605\" data-element_type=\"section\" data-settings=\"{&quot;stretch_section&quot;:&quot;section-stretched&quot;}\">\n\t\t\t\t\t\t<div class=\"elementor-container elementor-column-gap-default\">\n\t\t\t\t<div class=\"elementor-row\">\n\t\t\t\t<div class=\"elementor-element elementor-element-b1d4d34 elementor-column elementor-col-33 elementor-top-column\" data-id=\"b1d4d34\" data-element_type=\"column\">\n\t\t\t<div class=\"elementor-column-wrap  elementor-element-populated\">\n\t\t\t\t\t<div class=\"elementor-widget-wrap\">\n\t\t\t\t<div class=\"elementor-element elementor-element-5d6758e elementor-widget elementor-widget-image\" data-id=\"5d6758e\" data-element_type=\"widget\" data-widget_type=\"image.default\">\n\t\t\t\t<div class=\"elementor-widget-container\">\n\t\t\t\t\t<div class=\"elementor-image\">\n\t\t\t\t\t\t\t\t\t\t<img loading=\"lazy\" decoding=\"async\" width=\"300\" height=\"300\" src=\"https:\/\/concretesolutions.fr\/wp-content\/uploads\/2019\/08\/photos-\u00e0-venir.png\" class=\"attachment-medium size-medium\" alt=\"\" srcset=\"https:\/\/concretesolutions.fr\/wp-content\/uploads\/2019\/08\/photos-\u00e0-venir.png 300w, https:\/\/concretesolutions.fr\/wp-content\/uploads\/2019\/08\/photos-\u00e0-venir-150x150.png 150w\" sizes=\"(max-width: 300px) 100vw, 300px\" \/>\t\t\t\t\t\t\t\t\t\t\t<\/div>\n\t\t\t\t<\/div>\n\t\t\t\t<\/div>\n\t\t\t\t\t\t<\/div>\n\t\t\t<\/div>\n\t\t<\/div>\n\t\t\t\t<div class=\"elementor-element elementor-element-d736297 elementor-column elementor-col-66 elementor-top-column\" data-id=\"d736297\" data-element_type=\"column\">\n\t\t\t<div class=\"elementor-column-wrap  elementor-element-populated\">\n\t\t\t\t\t<div class=\"elementor-widget-wrap\">\n\t\t\t\t<div class=\"elementor-element elementor-element-909d466 elementor-widget elementor-widget-heading\" data-id=\"909d466\" data-element_type=\"widget\" data-widget_type=\"heading.default\">\n\t\t\t\t<div class=\"elementor-widget-container\">\n\t\t\t<h1 class=\"elementor-heading-title elementor-size-default\">Mise en place du b\u00e9ton<\/h1>\t\t<\/div>\n\t\t\t\t<\/div>\n\t\t\t\t<div class=\"elementor-element elementor-element-666c2d9 elementor-widget elementor-widget-text-editor\" data-id=\"666c2d9\" data-element_type=\"widget\" data-widget_type=\"text-editor.default\">\n\t\t\t\t<div class=\"elementor-widget-container\">\n\t\t\t\t\t<div class=\"elementor-text-editor elementor-clearfix\"><p>Etaler le b\u00e9ton sur toute la surface en v\u00e9rifiant qu&rsquo;il soit de niveau et talocher au fur et \u00e0 mesure.<br \/>L&rsquo;application du quartz pour colorer la dalle se fait \u00e0 ce moment l\u00e0<\/p><\/div>\n\t\t\t\t<\/div>\n\t\t\t\t<\/div>\n\t\t\t\t\t\t<\/div>\n\t\t\t<\/div>\n\t\t<\/div>\n\t\t\t\t\t\t<\/div>\n\t\t\t<\/div>\n\t\t<\/section>\n\t\t\t\t<section class=\"elementor-element elementor-element-ea12f00 elementor-section-stretched elementor-section-boxed elementor-section-height-default elementor-section-height-default elementor-section elementor-top-section\" data-id=\"ea12f00\" data-element_type=\"section\" data-settings=\"{&quot;stretch_section&quot;:&quot;section-stretched&quot;}\">\n\t\t\t\t\t\t<div class=\"elementor-container elementor-column-gap-default\">\n\t\t\t\t<div class=\"elementor-row\">\n\t\t\t\t<div class=\"elementor-element elementor-element-928bfa1 elementor-column elementor-col-66 elementor-top-column\" data-id=\"928bfa1\" data-element_type=\"column\">\n\t\t\t<div class=\"elementor-column-wrap  elementor-element-populated\">\n\t\t\t\t\t<div class=\"elementor-widget-wrap\">\n\t\t\t\t<div class=\"elementor-element elementor-element-7c70e63 elementor-widget elementor-widget-heading\" data-id=\"7c70e63\" data-element_type=\"widget\" data-widget_type=\"heading.default\">\n\t\t\t\t<div class=\"elementor-widget-container\">\n\t\t\t<h1 class=\"elementor-heading-title elementor-size-default\">Finition<\/h1>\t\t<\/div>\n\t\t\t\t<\/div>\n\t\t\t\t<div class=\"elementor-element elementor-element-857e530 elementor-widget elementor-widget-text-editor\" data-id=\"857e530\" data-element_type=\"widget\" data-widget_type=\"text-editor.default\">\n\t\t\t\t<div class=\"elementor-widget-container\">\n\t\t\t\t\t<div class=\"elementor-text-editor elementor-clearfix\"><p>Lissage de la surface du b\u00e9ton.<br \/>A l&rsquo;aide d&rsquo;un balai de marquage on strie le b\u00e9ton, avant son durcissement total.<br \/>Une fois la dalle s\u00e8che, ex\u00e9cution des joints de dilatation.<\/p><\/div>\n\t\t\t\t<\/div>\n\t\t\t\t<\/div>\n\t\t\t\t\t\t<\/div>\n\t\t\t<\/div>\n\t\t<\/div>\n\t\t\t\t<div class=\"elementor-element elementor-element-7e63cd4 elementor-column elementor-col-33 elementor-top-column\" data-id=\"7e63cd4\" data-element_type=\"column\">\n\t\t\t<div class=\"elementor-column-wrap  elementor-element-populated\">\n\t\t\t\t\t<div class=\"elementor-widget-wrap\">\n\t\t\t\t<div class=\"elementor-element elementor-element-da26fdf elementor-widget elementor-widget-image\" data-id=\"da26fdf\" data-element_type=\"widget\" data-widget_type=\"image.default\">\n\t\t\t\t<div class=\"elementor-widget-container\">\n\t\t\t\t\t<div class=\"elementor-image\">\n\t\t\t\t\t\t\t\t\t\t<img loading=\"lazy\" decoding=\"async\" width=\"300\" height=\"300\" src=\"https:\/\/concretesolutions.fr\/wp-content\/uploads\/2019\/08\/photos-\u00e0-venir.png\" class=\"attachment-medium size-medium\" alt=\"\" srcset=\"https:\/\/concretesolutions.fr\/wp-content\/uploads\/2019\/08\/photos-\u00e0-venir.png 300w, https:\/\/concretesolutions.fr\/wp-content\/uploads\/2019\/08\/photos-\u00e0-venir-150x150.png 150w\" sizes=\"(max-width: 300px) 100vw, 300px\" \/>\t\t\t\t\t\t\t\t\t\t\t<\/div>\n\t\t\t\t<\/div>\n\t\t\t\t<\/div>\n\t\t\t\t\t\t<\/div>\n\t\t\t<\/div>\n\t\t<\/div>\n\t\t\t\t\t\t<\/div>\n\t\t\t<\/div>\n\t\t<\/section>\n\t\t\t\t<section class=\"elementor-element elementor-element-27a1601 elementor-section-boxed elementor-section-height-default elementor-section-height-default elementor-section elementor-top-section\" data-id=\"27a1601\" data-element_type=\"section\">\n\t\t\t\t\t\t<div class=\"elementor-container elementor-column-gap-default\">\n\t\t\t\t<div class=\"elementor-row\">\n\t\t\t\t<div class=\"elementor-element elementor-element-158e91f elementor-column elementor-col-100 elementor-top-column\" data-id=\"158e91f\" data-element_type=\"column\">\n\t\t\t<div class=\"elementor-column-wrap  elementor-element-populated\">\n\t\t\t\t\t<div class=\"elementor-widget-wrap\">\n\t\t\t\t<div class=\"elementor-element elementor-element-cb117df elementor-widget elementor-widget-heading\" data-id=\"cb117df\" data-element_type=\"widget\" data-widget_type=\"heading.default\">\n\t\t\t\t<div class=\"elementor-widget-container\">\n\t\t\t<h1 class=\"elementor-heading-title elementor-size-default\">D\u00e9couvrez en vid\u00e9o la mise en place du b\u00e9ton<\/h1>\t\t<\/div>\n\t\t\t\t<\/div>\n\t\t\t\t\t\t<\/div>\n\t\t\t<\/div>\n\t\t<\/div>\n\t\t\t\t\t\t<\/div>\n\t\t\t<\/div>\n\t\t<\/section>\n\t\t\t\t<section class=\"elementor-element elementor-element-68305c9 elementor-section-boxed elementor-section-height-default elementor-section-height-default elementor-section elementor-top-section\" data-id=\"68305c9\" data-element_type=\"section\">\n\t\t\t\t\t\t<div class=\"elementor-container elementor-column-gap-default\">\n\t\t\t\t<div class=\"elementor-row\">\n\t\t\t\t<div class=\"elementor-element elementor-element-293e342 elementor-column elementor-col-100 elementor-top-column\" data-id=\"293e342\" data-element_type=\"column\">\n\t\t\t<div class=\"elementor-column-wrap  elementor-element-populated\">\n\t\t\t\t\t<div class=\"elementor-widget-wrap\">\n\t\t\t\t<div class=\"elementor-element elementor-element-d1fe652 elementor-aspect-ratio-169 elementor-widget elementor-widget-video\" data-id=\"d1fe652\" data-element_type=\"widget\" data-settings=\"{&quot;aspect_ratio&quot;:&quot;169&quot;}\" data-widget_type=\"video.default\">\n\t\t\t\t<div class=\"elementor-widget-container\">\n\t\t\t\t\t<div class=\"elementor-wrapper elementor-fit-aspect-ratio elementor-open-inline\">\n\t\t\t<iframe class=\"elementor-video-iframe\" allowfullscreen title=\"Lecteur vid\u00e9o youtube\" src=\"https:\/\/www.youtube.com\/embed\/yJBK7SU-Tlo?feature=oembed&amp;autoplay=1&amp;start&amp;end&amp;wmode=opaque&amp;loop=0&amp;controls=1&amp;mute=0&amp;rel=0&amp;modestbranding=0\"><\/iframe>\t\t<\/div>\n\t\t\t\t<\/div>\n\t\t\t\t<\/div>\n\t\t\t\t\t\t<\/div>\n\t\t\t<\/div>\n\t\t<\/div>\n\t\t\t\t\t\t<\/div>\n\t\t\t<\/div>\n\t\t<\/section>\n\t\t\t\t\t\t<\/div>\n\t\t\t<\/div>\n\t\t<\/div>\n\t\t","protected":false},"excerpt":{"rendered":"<p>B\u00e9ton balay\u00e9 Le b\u00e9ton balay\u00e9 consiste \u00e0 venir strier un b\u00e9ton frais \u00e0 l&rsquo;aide d&rsquo;un balai de marquage, dont les poils en sont plus ou moins \u00e9pais ou espac\u00e9s suivant l&rsquo;effet recherch\u00e9. Ce type de b\u00e9ton int\u00e8gre ais\u00e9ment tout type de paysage, qu&rsquo;il soit urbain, rural ou v\u00e9g\u00e9talis\u00e9.Le b\u00e9ton balay\u00e9 peut \u00eatre teint\u00e9 et s&rsquo;utilise [&hellip;]<\/p>\n","protected":false},"author":1,"featured_media":0,"parent":0,"menu_order":0,"comment_status":"closed","ping_status":"closed","template":"","meta":{"footnotes":""},"_links":{"self":[{"href":"https:\/\/concretesolutions.fr\/index.php?rest_route=\/wp\/v2\/pages\/71"}],"collection":[{"href":"https:\/\/concretesolutions.fr\/index.php?rest_route=\/wp\/v2\/pages"}],"about":[{"href":"https:\/\/concretesolutions.fr\/index.php?rest_route=\/wp\/v2\/types\/page"}],"author":[{"embeddable":true,"href":"https:\/\/concretesolutions.fr\/index.php?rest_route=\/wp\/v2\/users\/1"}],"replies":[{"embeddable":true,"href":"https:\/\/concretesolutions.fr\/index.php?rest_route=%2Fwp%2Fv2%2Fcomments&post=71"}],"version-history":[{"count":23,"href":"https:\/\/concretesolutions.fr\/index.php?rest_route=\/wp\/v2\/pages\/71\/revisions"}],"predecessor-version":[{"id":567,"href":"https:\/\/concretesolutions.fr\/index.php?rest_route=\/wp\/v2\/pages\/71\/revisions\/567"}],"wp:attachment":[{"href":"https:\/\/concretesolutions.fr\/index.php?rest_route=%2Fwp%2Fv2%2Fmedia&parent=71"}],"curies":[{"name":"wp","href":"https:\/\/api.w.org\/{rel}","templated":true}]}}